{"id":12,"date":"2011-08-03T14:49:35","date_gmt":"2011-08-03T14:49:35","guid":{"rendered":"http:\/\/www.caiad.fr\/?page_id=12"},"modified":"2025-08-24T13:13:20","modified_gmt":"2025-08-24T13:13:20","slug":"nos-moyens","status":"publish","type":"page","link":"http:\/\/www.caiad.fr\/?page_id=12","title":{"rendered":"Nos Moyens"},"content":{"rendered":"<p>Nous sommes \u00e9quip\u00e9s :<\/p>\n<ul>\n<li>De PC, sous Windows 11<br \/>\n<em>1 machine par utilisateur<\/em><\/li>\n<li>D&rsquo;un disque dur en r\u00e9seau (NAS)<br \/>\n<em>Pour le stockage des fichiers, des programmes, et des supports de cours<\/em><\/li>\n<li>D&rsquo;un r\u00e9seau informatique<br \/>\n<em>Pour travailler en groupe et partager les exemples ou fichiers<br \/>\n<\/em><\/li>\n<li>De 2 imprimantes lasers multifonctions r\u00e9seau<br \/>\n<em>Pour imprimer les supports de cours et les r\u00e9sultats des exercices<\/em><\/li>\n<li>D&rsquo;un \u00e9cran LCD grande taille, de haute qualit\u00e9<br \/>\n<em>Pour les pr\u00e9sentations et exemples<\/em><\/li>\n<li>D&rsquo;un acc\u00e8s internet haut d\u00e9bit<br \/>\n<em>Pour les mises \u00e0 jour et les cours de messagerie ou web<\/em><\/li>\n<li>D&rsquo;une messagerie professionnelle avec une bo\u00eete aux lettres par poste<br \/>\n<em>Pour la gestion de la messagerie et les exercices de communication<\/em><\/li>\n<li>De tablettes Andro\u00efd<\/li>\n<\/ul>\n<p>La commune d&rsquo;Amb\u00e9rieux en Dombes a gracieusement mis \u00e0 disposition une salle sp\u00e9cifique o\u00f9 nous pouvons vous accueillir et dispenser les cours.<\/p>\n<p>Cela nous permet de n&rsquo;avoir qu&rsquo;un seul utilisateur par poste de travail.<\/p>\n<p><a href=\"http:\/\/www.caiad.fr\/wp-content\/uploads\/2025\/08\/001-2.jpg\"><img loading=\"lazy\" decoding=\"async\" class=\"aligncenter size-large wp-image-483\" src=\"http:\/\/www.caiad.fr\/wp-content\/uploads\/2025\/08\/001-2-1024x768.jpg\" alt=\"\" width=\"610\" height=\"458\" srcset=\"http:\/\/www.caiad.fr\/wp-content\/uploads\/2025\/08\/001-2-1024x768.jpg 1024w, http:\/\/www.caiad.fr\/wp-content\/uploads\/2025\/08\/001-2-300x225.jpg 300w, http:\/\/www.caiad.fr\/wp-content\/uploads\/2025\/08\/001-2-768x576.jpg 768w, http:\/\/www.caiad.fr\/wp-content\/uploads\/2025\/08\/001-2-1536x1152.jpg 1536w, http:\/\/www.caiad.fr\/wp-content\/uploads\/2025\/08\/001-2-400x300.jpg 400w, http:\/\/www.caiad.fr\/wp-content\/uploads\/2025\/08\/001-2.jpg 1984w\" sizes=\"auto, (max-width: 610px) 100vw, 610px\" \/><\/a><\/p>\n","protected":false},"excerpt":{"rendered":"<p>Nous sommes \u00e9quip\u00e9s : De PC, sous Windows 11 1 machine par utilisateur D&rsquo;un disque dur en r\u00e9seau (NAS) Pour le stockage des fichiers, des programmes, et des supports de cours D&rsquo;un r\u00e9seau informatique Pour travailler en groupe et partager les exemples ou fichiers De 2 imprimantes lasers multifonctions r\u00e9seau Pour imprimer les supports de [&hellip;]<\/p>\n","protected":false},"author":1,"featured_media":0,"parent":0,"menu_order":0,"comment_status":"closed","ping_status":"closed","template":"","meta":{"footnotes":""},"class_list":["post-12","page","type-page","status-publish","hentry"],"_links":{"self":[{"href":"http:\/\/www.caiad.fr\/index.php?rest_route=\/wp\/v2\/pages\/12","targetHints":{"allow":["GET"]}}],"collection":[{"href":"http:\/\/www.caiad.fr\/index.php?rest_route=\/wp\/v2\/pages"}],"about":[{"href":"http:\/\/www.caiad.fr\/index.php?rest_route=\/wp\/v2\/types\/page"}],"author":[{"embeddable":true,"href":"http:\/\/www.caiad.fr\/index.php?rest_route=\/wp\/v2\/users\/1"}],"replies":[{"embeddable":true,"href":"http:\/\/www.caiad.fr\/index.php?rest_route=%2Fwp%2Fv2%2Fcomments&post=12"}],"version-history":[{"count":17,"href":"http:\/\/www.caiad.fr\/index.php?rest_route=\/wp\/v2\/pages\/12\/revisions"}],"predecessor-version":[{"id":484,"href":"http:\/\/www.caiad.fr\/index.php?rest_route=\/wp\/v2\/pages\/12\/revisions\/484"}],"wp:attachment":[{"href":"http:\/\/www.caiad.fr\/index.php?rest_route=%2Fwp%2Fv2%2Fmedia&parent=12"}],"curies":[{"name":"wp","href":"https:\/\/api.w.org\/{rel}","templated":true}]}}