{"id":19,"date":"2011-08-03T15:08:31","date_gmt":"2011-08-03T15:08:31","guid":{"rendered":"http:\/\/www.caiad.fr\/?page_id=19"},"modified":"2024-08-25T10:38:26","modified_gmt":"2024-08-25T10:38:26","slug":"remerciements","status":"publish","type":"page","link":"http:\/\/www.caiad.fr\/?page_id=19","title":{"rendered":"Remerciements"},"content":{"rendered":"<p>Nous tenons \u00e0 remercier la mairie d&rsquo;Amb\u00e9rieux en\u00a0 Dombes pour le soutient qu&rsquo;elle nous apporte fid\u00e8lement depuis de nombreuses ann\u00e9es en mettant \u00e0 notre disposition une salle pour les cours et en prenant en charges les frais de fonctionnement de cette derni\u00e8re.<\/p>\n<p>Enfin, un grand merci \u00e0 tous nos adh\u00e9rents sans lesquels cette aventure ne serait pas possible et qui nous apportent leur bonne humeur \u00e0 chaque cours ou r\u00e9union et nous permettent de faire des assembl\u00e9es g\u00e9n\u00e9rales avec toujours autant de monde&#8230;ce que bien des associations nous envient !<\/p>\n","protected":false},"excerpt":{"rendered":"<p>Nous tenons \u00e0 remercier la mairie d&rsquo;Amb\u00e9rieux en\u00a0 Dombes pour le soutient qu&rsquo;elle nous apporte fid\u00e8lement depuis de nombreuses ann\u00e9es en mettant \u00e0 notre disposition une salle pour les cours et en prenant en charges les frais de fonctionnement de cette derni\u00e8re. Enfin, un grand merci \u00e0 tous nos adh\u00e9rents sans lesquels cette aventure ne [&hellip;]<\/p>\n","protected":false},"author":1,"featured_media":0,"parent":0,"menu_order":0,"comment_status":"closed","ping_status":"closed","template":"","meta":{"footnotes":""},"class_list":["post-19","page","type-page","status-publish","hentry"],"_links":{"self":[{"href":"http:\/\/www.caiad.fr\/index.php?rest_route=\/wp\/v2\/pages\/19","targetHints":{"allow":["GET"]}}],"collection":[{"href":"http:\/\/www.caiad.fr\/index.php?rest_route=\/wp\/v2\/pages"}],"about":[{"href":"http:\/\/www.caiad.fr\/index.php?rest_route=\/wp\/v2\/types\/page"}],"author":[{"embeddable":true,"href":"http:\/\/www.caiad.fr\/index.php?rest_route=\/wp\/v2\/users\/1"}],"replies":[{"embeddable":true,"href":"http:\/\/www.caiad.fr\/index.php?rest_route=%2Fwp%2Fv2%2Fcomments&post=19"}],"version-history":[{"count":5,"href":"http:\/\/www.caiad.fr\/index.php?rest_route=\/wp\/v2\/pages\/19\/revisions"}],"predecessor-version":[{"id":470,"href":"http:\/\/www.caiad.fr\/index.php?rest_route=\/wp\/v2\/pages\/19\/revisions\/470"}],"wp:attachment":[{"href":"http:\/\/www.caiad.fr\/index.php?rest_route=%2Fwp%2Fv2%2Fmedia&parent=19"}],"curies":[{"name":"wp","href":"https:\/\/api.w.org\/{rel}","templated":true}]}}