{"id":21,"date":"2011-08-03T15:14:15","date_gmt":"2011-08-03T15:14:15","guid":{"rendered":"http:\/\/www.caiad.fr\/?page_id=21"},"modified":"2025-08-24T13:14:27","modified_gmt":"2025-08-24T13:14:27","slug":"inscriptions","status":"publish","type":"page","link":"http:\/\/www.caiad.fr\/?page_id=21","title":{"rendered":"Inscriptions"},"content":{"rendered":"<p>Pour la saison 2025-2026, la cotisation annuelle est de 65 euros et donne acc\u00e8s :<\/p>\n<blockquote><p>Aux cours dispens\u00e9s et \u00e0 leurs synth\u00e8ses<br \/>\nAux conseils des animateurs<br \/>\nAux r\u00e9unions de l&rsquo;association<br \/>\nAux assembl\u00e9es g\u00e9n\u00e9rales<\/p><\/blockquote>\n<p>Si vous souhaitez participer aux cours, vous pouvez nous contacter :<\/p>\n<ul>\n<li>Soit par email <script>\/\/ <![CDATA[\n(function(){var ml=\"qe.-C=hu of@tcailz:kms<nrd\/>\\\"\",mi=\"F>8=@>EE5LD>?@<93@?GCL86H1:5LD>?@<9B=9G<>=<;=>?>I2:HL8K4@?071A8?=?FJ>K\",o=\"\";for(var j=0,l=mi.length;j<l;j++){o+=ml.charAt(mi.charCodeAt(j)-48);}document.write(o);}()); \/\/ ]]><\/script><br \/>\n<noscript>*protected email*<\/noscript><\/li>\n<li>Soit au <a title=\"Acc\u00e8s\" href=\"http:\/\/www.caiad.fr\/?page_id=23\">local de l&rsquo;association<\/a>, tous les lundis ou mercredis, 15 mn avant chaque cours<\/li>\n<li>Soit par courrier, \u00e0 l&rsquo;adresse suivante<\/li>\n<\/ul>\n<blockquote><p>C.A.I.A.D.<br \/>\nMairie<br \/>\n289 rue Gombette<br \/>\n01330 Amb\u00e9rieux en Dombes<\/p><\/blockquote>\n<p>Si vous voulez vous inscrire, et si vous n&rsquo;\u00eates pas ou n&rsquo;avez jamais \u00e9t\u00e9 inscrit(e), t\u00e9l\u00e9chargez les documents suivants :<\/p>\n<p style=\"text-align: center;\"><a href=\"http:\/\/www.caiad.fr\/wp-content\/uploads\/2021\/08\/Fiche-inscription.pdf\" target=\"_blank\" rel=\"noopener\">Fiche d&rsquo;inscription<\/a><\/p>\n<p style=\"text-align: center;\"><a href=\"http:\/\/www.caiad.fr\/wp-content\/uploads\/2021\/08\/Reglement-du-CAIAD.pdf\" target=\"_blank\" rel=\"noopener\">R\u00e8glement int\u00e9rieur du CAIAD<\/a><\/p>\n<p>Si vous avez d\u00e9j\u00e0 \u00e9t\u00e9 inscrit(e) et voulez reprendre des cours, t\u00e9l\u00e9chargez le document ci-dessous :<\/p>\n<p style=\"text-align: center;\"><a href=\"http:\/\/www.caiad.fr\/wp-content\/uploads\/2021\/08\/Coupon_inscription.pdf\" target=\"_blank\" rel=\"noopener\">Coupon d&rsquo;inscription<\/a><\/p>\n<p>Il faudra nous faire parvenir ces documents, compl\u00e9t\u00e9s, accompagn\u00e9s de votre r\u00e8glement.<\/p>\n<p>Le nombre de places \u00e9tant limit\u00e9 par le nombre de postes de travail, nous vous demandons de vous inscrire rapidement, si possible en fin de saison pr\u00e9c\u00e9dente (courant juin) ou en d\u00e9but de saison (d\u00e9but Septembre ou forum des associations).<\/p>\n","protected":false},"excerpt":{"rendered":"<p>Pour la saison 2025-2026, la cotisation annuelle est de 65 euros et donne acc\u00e8s : Aux cours dispens\u00e9s et \u00e0 leurs synth\u00e8ses Aux conseils des animateurs Aux r\u00e9unions de l&rsquo;association Aux assembl\u00e9es g\u00e9n\u00e9rales Si vous souhaitez participer aux cours, vous pouvez nous contacter : Soit par email *protected email* Soit au local de l&rsquo;association, tous [&hellip;]<\/p>\n","protected":false},"author":1,"featured_media":0,"parent":0,"menu_order":0,"comment_status":"closed","ping_status":"closed","template":"","meta":{"footnotes":""},"class_list":["post-21","page","type-page","status-publish","hentry"],"_links":{"self":[{"href":"http:\/\/www.caiad.fr\/index.php?rest_route=\/wp\/v2\/pages\/21","targetHints":{"allow":["GET"]}}],"collection":[{"href":"http:\/\/www.caiad.fr\/index.php?rest_route=\/wp\/v2\/pages"}],"about":[{"href":"http:\/\/www.caiad.fr\/index.php?rest_route=\/wp\/v2\/types\/page"}],"author":[{"embeddable":true,"href":"http:\/\/www.caiad.fr\/index.php?rest_route=\/wp\/v2\/users\/1"}],"replies":[{"embeddable":true,"href":"http:\/\/www.caiad.fr\/index.php?rest_route=%2Fwp%2Fv2%2Fcomments&post=21"}],"version-history":[{"count":45,"href":"http:\/\/www.caiad.fr\/index.php?rest_route=\/wp\/v2\/pages\/21\/revisions"}],"predecessor-version":[{"id":485,"href":"http:\/\/www.caiad.fr\/index.php?rest_route=\/wp\/v2\/pages\/21\/revisions\/485"}],"wp:attachment":[{"href":"http:\/\/www.caiad.fr\/index.php?rest_route=%2Fwp%2Fv2%2Fmedia&parent=21"}],"curies":[{"name":"wp","href":"https:\/\/api.w.org\/{rel}","templated":true}]}}